{"id":48,"date":"2020-06-25T14:17:19","date_gmt":"2020-06-25T12:17:19","guid":{"rendered":"http:\/\/calaispromotions.preprod.deleganet.net\/?page_id=48"},"modified":"2021-07-12T23:02:22","modified_gmt":"2021-07-12T21:02:22","slug":"solutions-immobilieres-et-foncieres","status":"publish","type":"page","link":"https:\/\/calaispromotion.com\/fr\/nos-services\/solutions-immobilieres-et-foncieres\/","title":{"rendered":"Trouver votre bien foncier et immobilier"},"content":{"rendered":"","protected":false},"excerpt":{"rendered":"<p>&#8230;<\/p>\n","protected":false},"author":1,"featured_media":0,"parent":42,"menu_order":0,"comment_status":"closed","ping_status":"closed","template":"templates-pages\/template-service.php","meta":{"footnotes":""},"class_list":["post-48","page","type-page","status-publish","hentry"],"acf":[],"yoast_head":"<!-- This site is optimized with the Yoast SEO plugin v27.3 - https:\/\/yoast.com\/product\/yoast-seo-wordpress\/ -->\n<title>Calais promotion offre en b\u00e2timent et terrain \u00e0 Calais<\/title>\n<meta name=\"description\" content=\"A la recherche d&#039;un b\u00e2timent ou d&#039;un terrain \u00e0 Calais, nous r\u00e9alisons gratuitement une s\u00e9lection d&#039;offres r\u00e9pondant \u00e0 vos besoins.\" \/>\n<meta name=\"robots\" content=\"index, follow, max-snippet:-1, max-image-preview:large, max-video-preview:-1\" \/>\n<link rel=\"canonical\" href=\"https:\/\/calaispromotion.com\/fr\/nos-services\/solutions-immobilieres-et-foncieres\/\" \/>\n<meta property=\"og:locale\" content=\"fr_FR\" \/>\n<meta property=\"og:type\" content=\"article\" \/>\n<meta property=\"og:title\" content=\"Calais promotion offre en b\u00e2timent et terrain \u00e0 Calais\" \/>\n<meta property=\"og:description\" content=\"A la recherche d&#039;un b\u00e2timent ou d&#039;un terrain \u00e0 Calais, nous r\u00e9alisons gratuitement une s\u00e9lection d&#039;offres r\u00e9pondant \u00e0 vos besoins.\" \/>\n<meta property=\"og:url\" content=\"https:\/\/calaispromotion.com\/fr\/nos-services\/solutions-immobilieres-et-foncieres\/\" \/>\n<meta property=\"og:site_name\" content=\"Calais promotion\" \/>\n<meta property=\"article:modified_time\" content=\"2021-07-12T21:02:22+00:00\" \/>\n<meta name=\"twitter:card\" content=\"summary_large_image\" \/>\n<script type=\"application\/ld+json\" class=\"yoast-schema-graph\">{\"@context\":\"https:\\\/\\\/schema.org\",\"@graph\":[{\"@type\":\"WebPage\",\"@id\":\"https:\\\/\\\/calaispromotion.com\\\/fr\\\/nos-services\\\/solutions-immobilieres-et-foncieres\\\/\",\"url\":\"https:\\\/\\\/calaispromotion.com\\\/fr\\\/nos-services\\\/solutions-immobilieres-et-foncieres\\\/\",\"name\":\"Calais promotion offre en b\u00e2timent et terrain \u00e0 Calais\",\"isPartOf\":{\"@id\":\"https:\\\/\\\/calaispromotion.com\\\/fr\\\/#website\"},\"datePublished\":\"2020-06-25T12:17:19+00:00\",\"dateModified\":\"2021-07-12T21:02:22+00:00\",\"description\":\"A la recherche d'un b\u00e2timent ou d'un terrain \u00e0 Calais, nous r\u00e9alisons gratuitement une s\u00e9lection d'offres r\u00e9pondant \u00e0 vos besoins.\",\"breadcrumb\":{\"@id\":\"https:\\\/\\\/calaispromotion.com\\\/fr\\\/nos-services\\\/solutions-immobilieres-et-foncieres\\\/#breadcrumb\"},\"inLanguage\":\"fr-FR\",\"potentialAction\":[{\"@type\":\"ReadAction\",\"target\":[\"https:\\\/\\\/calaispromotion.com\\\/fr\\\/nos-services\\\/solutions-immobilieres-et-foncieres\\\/\"]}]},{\"@type\":\"BreadcrumbList\",\"@id\":\"https:\\\/\\\/calaispromotion.com\\\/fr\\\/nos-services\\\/solutions-immobilieres-et-foncieres\\\/#breadcrumb\",\"itemListElement\":[{\"@type\":\"ListItem\",\"position\":1,\"name\":\"Accueil\",\"item\":\"https:\\\/\\\/calaispromotion.com\\\/fr\\\/\"},{\"@type\":\"ListItem\",\"position\":2,\"name\":\"Nos services\",\"item\":\"https:\\\/\\\/calaispromotion.com\\\/fr\\\/nos-services\\\/\"},{\"@type\":\"ListItem\",\"position\":3,\"name\":\"Trouver votre bien foncier et immobilier\"}]},{\"@type\":\"WebSite\",\"@id\":\"https:\\\/\\\/calaispromotion.com\\\/fr\\\/#website\",\"url\":\"https:\\\/\\\/calaispromotion.com\\\/fr\\\/\",\"name\":\"Calais promotion\",\"description\":\"\",\"potentialAction\":[{\"@type\":\"SearchAction\",\"target\":{\"@type\":\"EntryPoint\",\"urlTemplate\":\"https:\\\/\\\/calaispromotion.com\\\/fr\\\/?s={search_term_string}\"},\"query-input\":{\"@type\":\"PropertyValueSpecification\",\"valueRequired\":true,\"valueName\":\"search_term_string\"}}],\"inLanguage\":\"fr-FR\"}]}<\/script>\n<!-- \/ Yoast SEO plugin. -->","yoast_head_json":{"title":"Calais promotion offre en b\u00e2timent et terrain \u00e0 Calais","description":"A la recherche d'un b\u00e2timent ou d'un terrain \u00e0 Calais, nous r\u00e9alisons gratuitement une s\u00e9lection d'offres r\u00e9pondant \u00e0 vos besoins.","robots":{"index":"index","follow":"follow","max-snippet":"max-snippet:-1","max-image-preview":"max-image-preview:large","max-video-preview":"max-video-preview:-1"},"canonical":"https:\/\/calaispromotion.com\/fr\/nos-services\/solutions-immobilieres-et-foncieres\/","og_locale":"fr_FR","og_type":"article","og_title":"Calais promotion offre en b\u00e2timent et terrain \u00e0 Calais","og_description":"A la recherche d'un b\u00e2timent ou d'un terrain \u00e0 Calais, nous r\u00e9alisons gratuitement une s\u00e9lection d'offres r\u00e9pondant \u00e0 vos besoins.","og_url":"https:\/\/calaispromotion.com\/fr\/nos-services\/solutions-immobilieres-et-foncieres\/","og_site_name":"Calais promotion","article_modified_time":"2021-07-12T21:02:22+00:00","twitter_card":"summary_large_image","schema":{"@context":"https:\/\/schema.org","@graph":[{"@type":"WebPage","@id":"https:\/\/calaispromotion.com\/fr\/nos-services\/solutions-immobilieres-et-foncieres\/","url":"https:\/\/calaispromotion.com\/fr\/nos-services\/solutions-immobilieres-et-foncieres\/","name":"Calais promotion offre en b\u00e2timent et terrain \u00e0 Calais","isPartOf":{"@id":"https:\/\/calaispromotion.com\/fr\/#website"},"datePublished":"2020-06-25T12:17:19+00:00","dateModified":"2021-07-12T21:02:22+00:00","description":"A la recherche d'un b\u00e2timent ou d'un terrain \u00e0 Calais, nous r\u00e9alisons gratuitement une s\u00e9lection d'offres r\u00e9pondant \u00e0 vos besoins.","breadcrumb":{"@id":"https:\/\/calaispromotion.com\/fr\/nos-services\/solutions-immobilieres-et-foncieres\/#breadcrumb"},"inLanguage":"fr-FR","potentialAction":[{"@type":"ReadAction","target":["https:\/\/calaispromotion.com\/fr\/nos-services\/solutions-immobilieres-et-foncieres\/"]}]},{"@type":"BreadcrumbList","@id":"https:\/\/calaispromotion.com\/fr\/nos-services\/solutions-immobilieres-et-foncieres\/#breadcrumb","itemListElement":[{"@type":"ListItem","position":1,"name":"Accueil","item":"https:\/\/calaispromotion.com\/fr\/"},{"@type":"ListItem","position":2,"name":"Nos services","item":"https:\/\/calaispromotion.com\/fr\/nos-services\/"},{"@type":"ListItem","position":3,"name":"Trouver votre bien foncier et immobilier"}]},{"@type":"WebSite","@id":"https:\/\/calaispromotion.com\/fr\/#website","url":"https:\/\/calaispromotion.com\/fr\/","name":"Calais promotion","description":"","potentialAction":[{"@type":"SearchAction","target":{"@type":"EntryPoint","urlTemplate":"https:\/\/calaispromotion.com\/fr\/?s={search_term_string}"},"query-input":{"@type":"PropertyValueSpecification","valueRequired":true,"valueName":"search_term_string"}}],"inLanguage":"fr-FR"}]}},"_links":{"self":[{"href":"https:\/\/calaispromotion.com\/fr\/wp-json\/wp\/v2\/pages\/48","targetHints":{"allow":["GET"]}}],"collection":[{"href":"https:\/\/calaispromotion.com\/fr\/wp-json\/wp\/v2\/pages"}],"about":[{"href":"https:\/\/calaispromotion.com\/fr\/wp-json\/wp\/v2\/types\/page"}],"author":[{"embeddable":true,"href":"https:\/\/calaispromotion.com\/fr\/wp-json\/wp\/v2\/users\/1"}],"replies":[{"embeddable":true,"href":"https:\/\/calaispromotion.com\/fr\/wp-json\/wp\/v2\/comments?post=48"}],"version-history":[{"count":26,"href":"https:\/\/calaispromotion.com\/fr\/wp-json\/wp\/v2\/pages\/48\/revisions"}],"predecessor-version":[{"id":1697,"href":"https:\/\/calaispromotion.com\/fr\/wp-json\/wp\/v2\/pages\/48\/revisions\/1697"}],"up":[{"embeddable":true,"href":"https:\/\/calaispromotion.com\/fr\/wp-json\/wp\/v2\/pages\/42"}],"wp:attachment":[{"href":"https:\/\/calaispromotion.com\/fr\/wp-json\/wp\/v2\/media?parent=48"}],"curies":[{"name":"wp","href":"https:\/\/api.w.org\/{rel}","templated":true}]}}