{"id":44,"date":"2020-06-25T14:16:25","date_gmt":"2020-06-25T12:16:25","guid":{"rendered":"http:\/\/calaispromotions.preprod.deleganet.net\/?page_id=44"},"modified":"2023-12-05T12:27:49","modified_gmt":"2023-12-05T11:27:49","slug":"implantation","status":"publish","type":"page","link":"https:\/\/calaispromotion.com\/fr\/nos-services\/implantation\/","title":{"rendered":"D\u00e9couvrir votre futur site d&rsquo;implantation et son \u00e9cosyst\u00e8me"},"content":{"rendered":"","protected":false},"excerpt":{"rendered":"<p>&#8230;<\/p>\n","protected":false},"author":1,"featured_media":0,"parent":42,"menu_order":0,"comment_status":"closed","ping_status":"closed","template":"templates-pages\/template-service.php","meta":{"footnotes":""},"class_list":["post-44","page","type-page","status-publish","hentry"],"acf":[],"yoast_head":"<!-- This site is optimized with the Yoast SEO plugin v27.3 - https:\/\/yoast.com\/product\/yoast-seo-wordpress\/ -->\n<title>D\u00e9couvrir votre futur site d&#039;implantation et son \u00e9cosyst\u00e8me - Calais promotion<\/title>\n<meta name=\"robots\" content=\"index, follow, max-snippet:-1, max-image-preview:large, max-video-preview:-1\" \/>\n<link rel=\"canonical\" href=\"https:\/\/calaispromotion.com\/fr\/nos-services\/implantation\/\" \/>\n<meta property=\"og:locale\" content=\"fr_FR\" \/>\n<meta property=\"og:type\" content=\"article\" \/>\n<meta property=\"og:title\" content=\"D\u00e9couvrir votre futur site d&#039;implantation et son \u00e9cosyst\u00e8me - Calais promotion\" \/>\n<meta property=\"og:description\" content=\"...\" \/>\n<meta property=\"og:url\" content=\"https:\/\/calaispromotion.com\/fr\/nos-services\/implantation\/\" \/>\n<meta property=\"og:site_name\" content=\"Calais promotion\" \/>\n<meta property=\"article:modified_time\" content=\"2023-12-05T11:27:49+00:00\" \/>\n<meta name=\"twitter:card\" content=\"summary_large_image\" \/>\n<script type=\"application\/ld+json\" class=\"yoast-schema-graph\">{\"@context\":\"https:\\\/\\\/schema.org\",\"@graph\":[{\"@type\":\"WebPage\",\"@id\":\"https:\\\/\\\/calaispromotion.com\\\/fr\\\/nos-services\\\/implantation\\\/\",\"url\":\"https:\\\/\\\/calaispromotion.com\\\/fr\\\/nos-services\\\/implantation\\\/\",\"name\":\"D\u00e9couvrir votre futur site d'implantation et son \u00e9cosyst\u00e8me - Calais promotion\",\"isPartOf\":{\"@id\":\"https:\\\/\\\/calaispromotion.com\\\/fr\\\/#website\"},\"datePublished\":\"2020-06-25T12:16:25+00:00\",\"dateModified\":\"2023-12-05T11:27:49+00:00\",\"breadcrumb\":{\"@id\":\"https:\\\/\\\/calaispromotion.com\\\/fr\\\/nos-services\\\/implantation\\\/#breadcrumb\"},\"inLanguage\":\"fr-FR\",\"potentialAction\":[{\"@type\":\"ReadAction\",\"target\":[\"https:\\\/\\\/calaispromotion.com\\\/fr\\\/nos-services\\\/implantation\\\/\"]}]},{\"@type\":\"BreadcrumbList\",\"@id\":\"https:\\\/\\\/calaispromotion.com\\\/fr\\\/nos-services\\\/implantation\\\/#breadcrumb\",\"itemListElement\":[{\"@type\":\"ListItem\",\"position\":1,\"name\":\"Accueil\",\"item\":\"https:\\\/\\\/calaispromotion.com\\\/fr\\\/\"},{\"@type\":\"ListItem\",\"position\":2,\"name\":\"Nos services\",\"item\":\"https:\\\/\\\/calaispromotion.com\\\/fr\\\/nos-services\\\/\"},{\"@type\":\"ListItem\",\"position\":3,\"name\":\"D\u00e9couvrir votre futur site d&rsquo;implantation et son \u00e9cosyst\u00e8me\"}]},{\"@type\":\"WebSite\",\"@id\":\"https:\\\/\\\/calaispromotion.com\\\/fr\\\/#website\",\"url\":\"https:\\\/\\\/calaispromotion.com\\\/fr\\\/\",\"name\":\"Calais promotion\",\"description\":\"\",\"potentialAction\":[{\"@type\":\"SearchAction\",\"target\":{\"@type\":\"EntryPoint\",\"urlTemplate\":\"https:\\\/\\\/calaispromotion.com\\\/fr\\\/?s={search_term_string}\"},\"query-input\":{\"@type\":\"PropertyValueSpecification\",\"valueRequired\":true,\"valueName\":\"search_term_string\"}}],\"inLanguage\":\"fr-FR\"}]}<\/script>\n<!-- \/ Yoast SEO plugin. -->","yoast_head_json":{"title":"D\u00e9couvrir votre futur site d'implantation et son \u00e9cosyst\u00e8me - Calais promotion","robots":{"index":"index","follow":"follow","max-snippet":"max-snippet:-1","max-image-preview":"max-image-preview:large","max-video-preview":"max-video-preview:-1"},"canonical":"https:\/\/calaispromotion.com\/fr\/nos-services\/implantation\/","og_locale":"fr_FR","og_type":"article","og_title":"D\u00e9couvrir votre futur site d'implantation et son \u00e9cosyst\u00e8me - Calais promotion","og_description":"...","og_url":"https:\/\/calaispromotion.com\/fr\/nos-services\/implantation\/","og_site_name":"Calais promotion","article_modified_time":"2023-12-05T11:27:49+00:00","twitter_card":"summary_large_image","schema":{"@context":"https:\/\/schema.org","@graph":[{"@type":"WebPage","@id":"https:\/\/calaispromotion.com\/fr\/nos-services\/implantation\/","url":"https:\/\/calaispromotion.com\/fr\/nos-services\/implantation\/","name":"D\u00e9couvrir votre futur site d'implantation et son \u00e9cosyst\u00e8me - Calais promotion","isPartOf":{"@id":"https:\/\/calaispromotion.com\/fr\/#website"},"datePublished":"2020-06-25T12:16:25+00:00","dateModified":"2023-12-05T11:27:49+00:00","breadcrumb":{"@id":"https:\/\/calaispromotion.com\/fr\/nos-services\/implantation\/#breadcrumb"},"inLanguage":"fr-FR","potentialAction":[{"@type":"ReadAction","target":["https:\/\/calaispromotion.com\/fr\/nos-services\/implantation\/"]}]},{"@type":"BreadcrumbList","@id":"https:\/\/calaispromotion.com\/fr\/nos-services\/implantation\/#breadcrumb","itemListElement":[{"@type":"ListItem","position":1,"name":"Accueil","item":"https:\/\/calaispromotion.com\/fr\/"},{"@type":"ListItem","position":2,"name":"Nos services","item":"https:\/\/calaispromotion.com\/fr\/nos-services\/"},{"@type":"ListItem","position":3,"name":"D\u00e9couvrir votre futur site d&rsquo;implantation et son \u00e9cosyst\u00e8me"}]},{"@type":"WebSite","@id":"https:\/\/calaispromotion.com\/fr\/#website","url":"https:\/\/calaispromotion.com\/fr\/","name":"Calais promotion","description":"","potentialAction":[{"@type":"SearchAction","target":{"@type":"EntryPoint","urlTemplate":"https:\/\/calaispromotion.com\/fr\/?s={search_term_string}"},"query-input":{"@type":"PropertyValueSpecification","valueRequired":true,"valueName":"search_term_string"}}],"inLanguage":"fr-FR"}]}},"_links":{"self":[{"href":"https:\/\/calaispromotion.com\/fr\/wp-json\/wp\/v2\/pages\/44","targetHints":{"allow":["GET"]}}],"collection":[{"href":"https:\/\/calaispromotion.com\/fr\/wp-json\/wp\/v2\/pages"}],"about":[{"href":"https:\/\/calaispromotion.com\/fr\/wp-json\/wp\/v2\/types\/page"}],"author":[{"embeddable":true,"href":"https:\/\/calaispromotion.com\/fr\/wp-json\/wp\/v2\/users\/1"}],"replies":[{"embeddable":true,"href":"https:\/\/calaispromotion.com\/fr\/wp-json\/wp\/v2\/comments?post=44"}],"version-history":[{"count":24,"href":"https:\/\/calaispromotion.com\/fr\/wp-json\/wp\/v2\/pages\/44\/revisions"}],"predecessor-version":[{"id":3342,"href":"https:\/\/calaispromotion.com\/fr\/wp-json\/wp\/v2\/pages\/44\/revisions\/3342"}],"up":[{"embeddable":true,"href":"https:\/\/calaispromotion.com\/fr\/wp-json\/wp\/v2\/pages\/42"}],"wp:attachment":[{"href":"https:\/\/calaispromotion.com\/fr\/wp-json\/wp\/v2\/media?parent=44"}],"curies":[{"name":"wp","href":"https:\/\/api.w.org\/{rel}","templated":true}]}}