{"id":300,"date":"2020-08-31T11:31:04","date_gmt":"2020-08-31T09:31:04","guid":{"rendered":"http:\/\/calaispromotions.preprod.deleganet.net\/?page_id=300"},"modified":"2020-12-13T16:05:08","modified_gmt":"2020-12-13T15:05:08","slug":"mentions-legales","status":"publish","type":"page","link":"https:\/\/calaispromotion.com\/fr\/mentions-legales\/","title":{"rendered":"Mentions l\u00e9gales"},"content":{"rendered":"<p>&nbsp;<\/p>\n<p>Les pr\u00e9sentes informations ont pour objet de d\u00e9finir les modalit\u00e9s de mise \u00e0 disposition et d\u2019utilisation du site internet www.calaispromotion.com pour toute personne s\u2019y connectant.<br \/>\nEn consultant ce site, vous acceptez sans restriction ses conditions d\u2019utilisation. En cas de non adh\u00e9sion \u00e0 celles-ci, nous vous invitons \u00e0 quitter le site.<br \/>\nCalais Promotion se r\u00e9serve le droit de modifier unilat\u00e9ralement ces mentions l\u00e9gales \u00e0 tout moment.<\/p>\n<h2><span style=\"color: #000000;\"><strong>Editeur et propri\u00e9taire du site<\/strong><\/span><\/h2>\n<p>Le site internet www.calaispromotion.com appartient \u00e0 Calais Promotion, agence de d\u00e9veloppement \u00e9conomique du Calaisis :<br \/>\n9 rue Paul Bert 62100 Calais &#8211; France<br \/>\nT\u00e9l : + 33 (0)3 21 34 66 83<br \/>\nSIREN : 512472416<br \/>\nAPE : 9499Z<\/p>\n<h2><span style=\"color: #000000;\"><strong>Directeur de la publication<\/strong><\/span><\/h2>\n<p>Philippe Devilliers, directeur de Calais Promotion<\/p>\n<h2><span style=\"color: #000000;\"><strong>R\u00e9alisation technique<\/strong><\/span><\/h2>\n<p>Ce site internet a \u00e9t\u00e9 con\u00e7u et d\u00e9velopp\u00e9 par la soci\u00e9t\u00e9 Deleganet :<br \/>\n9 rue Jean No\u00ebl Dubout 62100 Calais &#8211; France<br \/>\nT\u00e9l : + 33 (0)3 66 62 50 10<br \/>\nwww.deleganet.com<\/p>\n<h2><span style=\"color: #000000;\"><strong>H\u00e9bergement<\/strong><\/span><\/h2>\n<p>Ce site est h\u00e9berg\u00e9 par la soci\u00e9t\u00e9 OVH :<br \/>\n2 rue Kellermann, 59100 Roubaix &#8211; France<br \/>\nwww.ovh.com<\/p>\n<h2><span style=\"color: #000000;\"><strong>Conditions d\u2019utilisation et responsabilit\u00e9<\/strong><\/span><\/h2>\n<p>Le pr\u00e9sent site est exploit\u00e9 dans le respect de la l\u00e9gislation fran\u00e7aise. Il est accessible en permanence sauf en cas de force majeure, panne \u00e9ventuelle ou intervention de maintenance n\u00e9cessaire \u00e0 son bon fonctionnement ou \u00e0 sa mise \u00e0 jour.<\/p>\n<p>Le contenu mis en ligne sur ce site fait l\u2019objet d\u2019une attention particuli\u00e8re. Il est modifi\u00e9 et actualis\u00e9 r\u00e9guli\u00e8rement. En d\u00e9pit des pr\u00e9cautions que l\u2019agence prend pour assurer la pr\u00e9cision des informations fournies, il peut contenir des erreurs, des inexactitudes ou des oublis. La responsabilit\u00e9 de Calais Promotion ne saurait \u00eatre engag\u00e9e.<\/p>\n<p>Le t\u00e9l\u00e9chargement des contenus de ce site rel\u00e8ve de la responsabilit\u00e9 de l\u2019utilisateur. Il lui appartient, donc, d\u2019assurer la protection de ses donn\u00e9es et\/ou de ses logiciels d\u2019\u00e9ventuels dommages li\u00e9s \u00e0 sa navigation.<\/p>\n<p>Les liens hypertextes pr\u00e9sents sur le site et dirigeant les utilisateurs vers des sites tiers n\u2019engagent pas la responsabilit\u00e9 de l\u2019agence.<\/p>\n<p>Les liens hypertextes d\u2019autres sites pointant vers www.calaispromotion.com sont accept\u00e9s sous condition qu\u2019ils aient un rapport avec l\u2019activit\u00e9 de l\u2019agence et son r\u00e9seau de partenaires.<\/p>\n<h2><span style=\"color: #000000;\"><strong>Propri\u00e9t\u00e9 intellectuelle<\/strong><\/span><\/h2>\n<p>Le site www.calaispromotion.com est prot\u00e9g\u00e9 par la l\u00e9gislation fran\u00e7aise et internationale du droit d\u2019auteur et de la propri\u00e9t\u00e9 intellectuelle. L\u2019ensemble de son contenu comprenant notamment textes, logos, images, infographies, animations, vid\u00e9os appartiennent \u00e0 Calais Promotion ou \u00e0 des tiers ayant autoris\u00e9 leur utilisation.<br \/>\nToute reproduction, repr\u00e9sentation, modification, publication, adaptation de tout ou partie des \u00e9l\u00e9ments du site, quel que soit le moyen ou le proc\u00e9d\u00e9 utilis\u00e9 est interdite sauf autorisation pr\u00e9alable \u00e9crite de Calais Promotion.<\/p>\n<h2><span style=\"color: #000000;\"><strong>Donn\u00e9es personnelles<\/strong><\/span><\/h2>\n<p>Conform\u00e9ment au R\u00e8glement G\u00e9n\u00e9ral sur la Protection des Donn\u00e9es (RGPD) et \u00e0 la loi Informatique et Libert\u00e9 du 6 janvier 1978 modifi\u00e9e en 2004, les donn\u00e9es personnelles renseign\u00e9es par vos soins via les formulaires pr\u00e9sents sur ce site sont collect\u00e9es et trait\u00e9es par Calais Promotion afin de r\u00e9pondre \u00e0 vos demandes.<br \/>\nVous disposez de diff\u00e9rents droits sur vos donn\u00e9es qui sont expos\u00e9s dans<a href=\"https:\/\/calaispromotion.com\/fr\/politique-de-confidentialite\/\"> la page politique de confidentialit\u00e9.<\/a><\/p>\n<h2><span style=\"color: #000000;\"><strong>Cr\u00e9dits photos<\/strong><\/span><\/h2>\n<p><strong>Page d&rsquo;accueil<br \/>\n<\/strong>Slider nos services : Eurotunnel et\u00a0 Port Boulogne Calais \/ G. Martin<br \/>\nSlider s&rsquo;implanter \u00e0 Calais : Ville de Calais \/ Fred Collier et Philippe Turpin<br \/>\nSlider offres fonci\u00e8res et immobili\u00e8res : Marcotte Promotion \/ Archifix et CCI Littoral C\u00f4te d&rsquo;Opale<strong><br \/>\n<\/strong><\/p>\n<p><strong>Nos services<br \/>\n<\/strong>armatis<br \/>\nVille de Calais \/ Fred Collier<br \/>\nCalais Promotion<br \/>\nCoteo <strong><br \/>\n<\/strong><\/p>\n<p><strong>S&rsquo;implanter \u00e0 Calais<br \/>\n<\/strong>Calais Promotion<br \/>\nPhilippe Turpin<br \/>\nUniversit\u00e9 du Littoral C\u00f4te d&rsquo;Opale \/ direction de la communication<br \/>\nVille de Calais \/ Fred Collier<\/p>\n<p><strong>Qui sommes-nous<br \/>\n<\/strong>Calais Promotion<br \/>\nCoteo<br \/>\nVille de Calais \/ Fred Collier<strong><br \/>\n<\/strong><\/p>\n<p><strong>\u00a0<\/strong><\/p>\n<p><strong>\u00a0<\/strong><\/p>\n","protected":false},"excerpt":{"rendered":"<p>&nbsp;<br \/>\nLes pr\u00e9sentes informations ont pour objet de d\u00e9finir les modalit\u00e9s de mise \u00e0 disposition et d\u2019utilisation du site internet www.calaispromotion.com pour toute personne s\u2019y connectant.<br \/>\nEn&#8230;<\/p>\n","protected":false},"author":1,"featured_media":0,"parent":0,"menu_order":0,"comment_status":"closed","ping_status":"closed","template":"","meta":{"footnotes":""},"class_list":["post-300","page","type-page","status-publish","hentry"],"acf":[],"yoast_head":"<!-- This site is optimized with the Yoast SEO plugin v27.5 - https:\/\/yoast.com\/product\/yoast-seo-wordpress\/ -->\n<title>Mentions l\u00e9gales - Calais promotion<\/title>\n<meta name=\"robots\" content=\"index, follow, max-snippet:-1, max-image-preview:large, max-video-preview:-1\" \/>\n<link rel=\"canonical\" href=\"https:\/\/calaispromotion.com\/fr\/mentions-legales\/\" \/>\n<meta property=\"og:locale\" content=\"fr_FR\" \/>\n<meta property=\"og:type\" content=\"article\" \/>\n<meta property=\"og:title\" content=\"Mentions l\u00e9gales - Calais promotion\" \/>\n<meta property=\"og:description\" content=\"&nbsp; Les pr\u00e9sentes informations ont pour objet de d\u00e9finir les modalit\u00e9s de mise \u00e0 disposition et d\u2019utilisation du site internet www.calaispromotion.com pour toute personne s\u2019y connectant. En...\" \/>\n<meta property=\"og:url\" content=\"https:\/\/calaispromotion.com\/fr\/mentions-legales\/\" \/>\n<meta property=\"og:site_name\" content=\"Calais promotion\" \/>\n<meta property=\"article:modified_time\" content=\"2020-12-13T15:05:08+00:00\" \/>\n<meta name=\"twitter:card\" content=\"summary_large_image\" \/>\n<meta name=\"twitter:label1\" content=\"Dur\u00e9e de lecture estim\u00e9e\" \/>\n\t<meta name=\"twitter:data1\" content=\"3 minutes\" \/>\n<script type=\"application\/ld+json\" class=\"yoast-schema-graph\">{\"@context\":\"https:\\\/\\\/schema.org\",\"@graph\":[{\"@type\":\"WebPage\",\"@id\":\"https:\\\/\\\/calaispromotion.com\\\/fr\\\/mentions-legales\\\/\",\"url\":\"https:\\\/\\\/calaispromotion.com\\\/fr\\\/mentions-legales\\\/\",\"name\":\"Mentions l\u00e9gales - Calais promotion\",\"isPartOf\":{\"@id\":\"https:\\\/\\\/calaispromotion.com\\\/fr\\\/#website\"},\"datePublished\":\"2020-08-31T09:31:04+00:00\",\"dateModified\":\"2020-12-13T15:05:08+00:00\",\"breadcrumb\":{\"@id\":\"https:\\\/\\\/calaispromotion.com\\\/fr\\\/mentions-legales\\\/#breadcrumb\"},\"inLanguage\":\"fr-FR\",\"potentialAction\":[{\"@type\":\"ReadAction\",\"target\":[\"https:\\\/\\\/calaispromotion.com\\\/fr\\\/mentions-legales\\\/\"]}]},{\"@type\":\"BreadcrumbList\",\"@id\":\"https:\\\/\\\/calaispromotion.com\\\/fr\\\/mentions-legales\\\/#breadcrumb\",\"itemListElement\":[{\"@type\":\"ListItem\",\"position\":1,\"name\":\"Accueil\",\"item\":\"https:\\\/\\\/calaispromotion.com\\\/fr\\\/\"},{\"@type\":\"ListItem\",\"position\":2,\"name\":\"Mentions l\u00e9gales\"}]},{\"@type\":\"WebSite\",\"@id\":\"https:\\\/\\\/calaispromotion.com\\\/fr\\\/#website\",\"url\":\"https:\\\/\\\/calaispromotion.com\\\/fr\\\/\",\"name\":\"Calais promotion\",\"description\":\"\",\"potentialAction\":[{\"@type\":\"SearchAction\",\"target\":{\"@type\":\"EntryPoint\",\"urlTemplate\":\"https:\\\/\\\/calaispromotion.com\\\/fr\\\/?s={search_term_string}\"},\"query-input\":{\"@type\":\"PropertyValueSpecification\",\"valueRequired\":true,\"valueName\":\"search_term_string\"}}],\"inLanguage\":\"fr-FR\"}]}<\/script>\n<!-- \/ Yoast SEO plugin. -->","yoast_head_json":{"title":"Mentions l\u00e9gales - Calais promotion","robots":{"index":"index","follow":"follow","max-snippet":"max-snippet:-1","max-image-preview":"max-image-preview:large","max-video-preview":"max-video-preview:-1"},"canonical":"https:\/\/calaispromotion.com\/fr\/mentions-legales\/","og_locale":"fr_FR","og_type":"article","og_title":"Mentions l\u00e9gales - Calais promotion","og_description":"&nbsp; Les pr\u00e9sentes informations ont pour objet de d\u00e9finir les modalit\u00e9s de mise \u00e0 disposition et d\u2019utilisation du site internet www.calaispromotion.com pour toute personne s\u2019y connectant. En...","og_url":"https:\/\/calaispromotion.com\/fr\/mentions-legales\/","og_site_name":"Calais promotion","article_modified_time":"2020-12-13T15:05:08+00:00","twitter_card":"summary_large_image","twitter_misc":{"Dur\u00e9e de lecture estim\u00e9e":"3 minutes"},"schema":{"@context":"https:\/\/schema.org","@graph":[{"@type":"WebPage","@id":"https:\/\/calaispromotion.com\/fr\/mentions-legales\/","url":"https:\/\/calaispromotion.com\/fr\/mentions-legales\/","name":"Mentions l\u00e9gales - Calais promotion","isPartOf":{"@id":"https:\/\/calaispromotion.com\/fr\/#website"},"datePublished":"2020-08-31T09:31:04+00:00","dateModified":"2020-12-13T15:05:08+00:00","breadcrumb":{"@id":"https:\/\/calaispromotion.com\/fr\/mentions-legales\/#breadcrumb"},"inLanguage":"fr-FR","potentialAction":[{"@type":"ReadAction","target":["https:\/\/calaispromotion.com\/fr\/mentions-legales\/"]}]},{"@type":"BreadcrumbList","@id":"https:\/\/calaispromotion.com\/fr\/mentions-legales\/#breadcrumb","itemListElement":[{"@type":"ListItem","position":1,"name":"Accueil","item":"https:\/\/calaispromotion.com\/fr\/"},{"@type":"ListItem","position":2,"name":"Mentions l\u00e9gales"}]},{"@type":"WebSite","@id":"https:\/\/calaispromotion.com\/fr\/#website","url":"https:\/\/calaispromotion.com\/fr\/","name":"Calais promotion","description":"","potentialAction":[{"@type":"SearchAction","target":{"@type":"EntryPoint","urlTemplate":"https:\/\/calaispromotion.com\/fr\/?s={search_term_string}"},"query-input":{"@type":"PropertyValueSpecification","valueRequired":true,"valueName":"search_term_string"}}],"inLanguage":"fr-FR"}]}},"_links":{"self":[{"href":"https:\/\/calaispromotion.com\/fr\/wp-json\/wp\/v2\/pages\/300","targetHints":{"allow":["GET"]}}],"collection":[{"href":"https:\/\/calaispromotion.com\/fr\/wp-json\/wp\/v2\/pages"}],"about":[{"href":"https:\/\/calaispromotion.com\/fr\/wp-json\/wp\/v2\/types\/page"}],"author":[{"embeddable":true,"href":"https:\/\/calaispromotion.com\/fr\/wp-json\/wp\/v2\/users\/1"}],"replies":[{"embeddable":true,"href":"https:\/\/calaispromotion.com\/fr\/wp-json\/wp\/v2\/comments?post=300"}],"version-history":[{"count":11,"href":"https:\/\/calaispromotion.com\/fr\/wp-json\/wp\/v2\/pages\/300\/revisions"}],"predecessor-version":[{"id":1681,"href":"https:\/\/calaispromotion.com\/fr\/wp-json\/wp\/v2\/pages\/300\/revisions\/1681"}],"wp:attachment":[{"href":"https:\/\/calaispromotion.com\/fr\/wp-json\/wp\/v2\/media?parent=300"}],"curies":[{"name":"wp","href":"https:\/\/api.w.org\/{rel}","templated":true}]}}