{"id":3,"date":"2020-06-23T16:09:11","date_gmt":"2020-06-23T14:09:11","guid":{"rendered":"http:\/\/calaispromotions.preprod.deleganet.net\/?page_id=3"},"modified":"2020-12-13T16:11:55","modified_gmt":"2020-12-13T15:11:55","slug":"politique-de-confidentialite","status":"publish","type":"page","link":"https:\/\/calaispromotion.com\/fr\/politique-de-confidentialite\/","title":{"rendered":"Politique de confidentialit\u00e9"},"content":{"rendered":"<p>Pour mener \u00e0 bien ses missions de promotion et de prospection, Calais Promotion, agence de d\u00e9veloppement de Calais et sa r\u00e9gion est amen\u00e9e \u00e0 collecter des donn\u00e9es personnelles.<\/p>\n<p>Nous attachons une attention particuli\u00e8re \u00e0 la protection et \u00e0 l\u2019utilisation des informations que nous collectons. C\u2019est pourquoi les donn\u00e9es collect\u00e9es par nos soins sont enregistr\u00e9es et stock\u00e9es conform\u00e9ment aux dispositions de la loi relative \u00e0 l\u2019informatique, aux fichiers et aux libert\u00e9s du 6 janvier 1978 modifi\u00e9e en 2004 ainsi qu\u2019aux dispositions du R\u00e8glement G\u00e9n\u00e9ral sur la Protection des Donn\u00e9es (RGPD).<\/p>\n<p>Le pr\u00e9sent document qui est susceptible d\u2019\u00e9voluer en fonction de la l\u00e9gislation sur la protection des donn\u00e9es personnelles pr\u00e9cise le cadre g\u00e9n\u00e9ral des traitements de donn\u00e9es personnelles r\u00e9alis\u00e9s par l\u2019agence.<\/p>\n<h2><span style=\"color: #000000;\"><strong>Responsable du traitement des donn\u00e9es<\/strong><\/span><\/h2>\n<p>Calais Promotion, agence de d\u00e9veloppement \u00e9conomique de Calais et sa r\u00e9gion, est responsable du traitement des donn\u00e9es.<\/p>\n<h2><span style=\"color: #000000;\"><strong>Vos droits<\/strong><\/span><\/h2>\n<p>Conform\u00e9ment \u00e0 la r\u00e9glementation en vigueur, vous disposez des droits suivants sur les donn\u00e9es que nous collectons depuis notre site www.calaispromotion.com.<\/p>\n<p><strong> droit d\u2019acc\u00e8s<\/strong> : vous pouvez demander \u00e0 ce que l\u2019on vous communique les donn\u00e9es collect\u00e9es sur www.calaispromotion.com pour en v\u00e9rifier leur contenu.<br \/>\n<strong>Droit de rectification<\/strong> : vous pouvez rectifier les donn\u00e9es inexactes ou incompl\u00e8tes vous concernant.<br \/>\n<strong>Droit d\u2019effacement<\/strong> : vous pouvez demander \u00e0 ce que vos donn\u00e9es personnelles soient supprim\u00e9es.<br \/>\n<strong>Droit d\u2019opposition<\/strong> : vous pouvez vous opposer \u00e0 tout moment \u00e0 l\u2019utilisation de certaines de vos donn\u00e9es.<br \/>\n<strong>Droit \u00e0 la limitation du traitement des donn\u00e9es<\/strong> : il compl\u00e8te vos autres droits. Il vous permet de stopper temporairement l\u2019utilisation de certaines donn\u00e9es apr\u00e8s votre demande d\u2019exercice d\u2019un droit.<br \/>\n<strong>Droit \u00e0 la portabilit\u00e9 des donn\u00e9es<\/strong> : vous avez la possibilit\u00e9 de r\u00e9cup\u00e9rer une partie de vos donn\u00e9es dans un format lisible par une machine.<\/p>\n<p>Consultez la CNIL <a href=\"https:\/\/www.cnil.fr\/\">www.cnil.fr<\/a> pour plus d\u2019informations sur vos droits<\/p>\n<h2><span style=\"color: #000000;\"><strong>Exercer vos droits<\/strong><\/span><\/h2>\n<p>Vous souhaitez poser une question sur le traitement de vos donn\u00e9es ou exercer vos droits. Nous vous invitons \u00e0 adresser votre demande \u00e0 Calais Promotion aux coordonn\u00e9es suivantes en pr\u00e9cisant l\u2019objet de votre demande.<\/p>\n<p><strong>Par courrier<\/strong><br \/>\nCalais Promotion<br \/>\nA l\u2019attention du D\u00e9l\u00e9gu\u00e9 \u00e0 la Protection des Donn\u00e9es<br \/>\n9 rue Paul Bert 62100 Calais \u2013 France<br \/>\n<strong>Par mail<\/strong><br \/>\ncontact@calaispromotion.com<br \/>\nA l\u2019attention du D\u00e9l\u00e9gu\u00e9 \u00e0 la Protection des Donn\u00e9es<\/p>\n<p>Nous nous engageons \u00e0 r\u00e9pondre \u00e0 votre demande d\u2019information, d\u2019acc\u00e8s, de rectification ou d\u2019opposition \u00e0 vos donn\u00e9es dans un d\u00e9lai maximum d\u2019un mois. La preuve de votre identit\u00e9 peut vous \u00eatre demand\u00e9 afin de respecter la s\u00e9curit\u00e9 et la confidentialit\u00e9 des donn\u00e9es que nous g\u00e9rons.<\/p>\n<p>Si vous estimez apr\u00e8s nous avoir contact\u00e9 que vos droits ne sont pas respect\u00e9s, vous pouvez adresser une r\u00e9clamation \u00e0 la CNIL, <a href=\"https:\/\/www.cnil.fr\/fr\/plaintes\/\">ww.cnil.fr\/plaintes<\/a>.<\/p>\n<h2><span style=\"color: #000000;\"><strong>Collecte des donn\u00e9es personnelles<\/strong><\/span><\/h2>\n<p>Lors de votre visite sur le site www.calaispromotion.com, nous collectons vos donn\u00e9es via :<\/p>\n<p><strong>Formulaire de contact<\/strong> requ\u00e9rant les informations suivantes<br \/>\nNom et Pr\u00e9nom *<br \/>\nEntreprise\/raison sociale<br \/>\nT\u00e9l\u00e9phone *<br \/>\nEmail *<br \/>\nVotre message<\/p>\n<p><strong>Formulaire d\u2019inscription \u00e0 la newsletter<\/strong> requ\u00e9rant l\u2019information suivante :<br \/>\nUne adresse mail*<\/p>\n<p><strong> Outil de mesure d\u2019audience Google Analytics<\/strong><\/p>\n<p>Les champs marqu\u00e9s d\u2019un ast\u00e9risque ont un caract\u00e8re obligatoire. Ils nous permettent de pouvoir r\u00e9pondre \u00e0 vos demandes.<\/p>\n<p>Les donn\u00e9es sont collect\u00e9es et trait\u00e9es sur la base de votre consentement.<\/p>\n<h2><span style=\"color: #000000;\"><strong>Finalit\u00e9 des donn\u00e9es collect\u00e9es<\/strong><\/span><\/h2>\n<p>Les informations collect\u00e9es sont utilis\u00e9es afin de r\u00e9pondre \u00e0 vos demandes et vous envoyer des informations en lien avec votre activit\u00e9 et vos besoins ainsi que vous tenir inform\u00e9 de notre actualit\u00e9.<\/p>\n<h2><span style=\"color: #000000;\"><strong> Dur\u00e9e de conservation des donn\u00e9es<\/strong> <\/span><\/h2>\n<p>Les donn\u00e9es collect\u00e9es sont conserv\u00e9es par le responsable du traitement de donn\u00e9es, Calais Promotion, le temps de r\u00e9pondre \u00e0 la demande de service ou d\u2019information faite par l\u2019utilisateur du site internet Calais Promotion.<\/p>\n<p>Les donn\u00e9es permettant d\u2019\u00e9tablir la preuve d\u2019un droit ou d\u2019un contrat ou conserv\u00e9es au titre du respect d\u2019une obligation l\u00e9gale, peuvent faire l\u2019objet d\u2019une conservation sur une plus longue p\u00e9riode et \u00eatre archiv\u00e9es conform\u00e9ment aux dispositions en vigueur (notamment celles pr\u00e9vues par le code du commerce, le code civil ou le code de la consommation).<\/p>\n<h2><span style=\"color: #000000;\"><strong>Destinataire des donn\u00e9es\u00a0<\/strong><\/span><\/h2>\n<p>Les donn\u00e9es personnelles collect\u00e9es par www.calaispromotion.com sont utilis\u00e9es par Calais Promotion dans le cadre de son activit\u00e9. Elles ne seront ni transmises, lou\u00e9es ou commercialis\u00e9es \u00e0 des tiers.<\/p>\n<h2><span style=\"color: #000000;\"><strong>A propos des cookies\u00a0<\/strong><\/span><\/h2>\n<p>Lors de la consultation de notre site www.calaispromotion.com, des cookies sont d\u00e9pos\u00e9s sur votre ordinateur, votre mobile ou votre tablette. Ce sont\u00a0 des fichiers textes qui permettent de conserver vos donn\u00e9es utilisateurs afin de faciliter votre navigation, de permettre certaines fonctionnalit\u00e9s, de personnaliser certaines informations et d&rsquo;analyser votre parcours sur notre site. Ils sont g\u00e9r\u00e9s par votre navigateurs. L&rsquo;agence utilise des cookies g\u00e9n\u00e9r\u00e9s par le site et des cookies tiers.<\/p>\n<p>Les principaux cookies sur notre site sont les suivants :<\/p>\n<p><span style=\"color: #000000;\"><strong>Cookies de mesure d\u2019audience par le biais de Google Analytics<\/strong><\/span> : ils nous permettent de g\u00e9n\u00e9rer des statistiques de fr\u00e9quentation utiles \u00e0 l\u2019am\u00e9lioration du site.<br \/>\n<strong><span style=\"color: #000000;\">Cookies de partage de nos contenus par le biais de l\u2019outil AddToAny<\/span><\/strong> : les cookies d\u00e9pos\u00e9s via les boutons des r\u00e9seaux sociaux (Facebook, Twitter, Linkedin) ou les services de partage de vid\u00e9o permettent de faciliter le partage de contenu et visionner directement sur le site le contenu multim\u00e9dia.<\/p>\n<p>Notre site contient des liens renvoyant vers les sites internet de nos partenaires ou de soci\u00e9t\u00e9s tierces. Ceux-ci ont leur propre politique de confidentialit\u00e9 dont nous vous invitons \u00e0 prendre connaissance lorsque vous cliquez sur ces liens. Nous ne pouvons \u00eatre tenu responsable de l\u2019utilisation faite par ces sites des donn\u00e9es vous concernant.<\/p>\n<p>Lors de votre connexion, un bandeau vous informe que des informations relatives \u00e0 votre navigation sont susceptibles d\u2019\u00eatre enregistr\u00e9es dans des fichiers d\u00e9nomm\u00e9s cookies.<br \/>\nVous avez, alors, la possibilit\u00e9 de tout accepter, de param\u00e9trer vos pr\u00e9f\u00e9rences ou de tout refuser.<br \/>\nLe refus ou le param\u00e9trage sont susceptibles de modifier les conditions d\u2019acc\u00e8s \u00e0 notre site.<\/p>\n<p>Vous pouvez \u00e9galement \u00e0 tout moment vous opposer \u00e0 l\u2019utilisation de ces cookies en param\u00e9trant votre navigateur.<\/p>\n<h2><span style=\"color: #000000;\"><strong>S\u00e9curit\u00e9\u00a0<\/strong><\/span><\/h2>\n<p>Nous mettons en place un ensemble de mesures pour assurer la s\u00e9curit\u00e9 et la confidentialit\u00e9 des donn\u00e9es personnelles collect\u00e9es. Toutefois, nous ne pouvons garantir une totale s\u00e9curit\u00e9.<\/p>\n","protected":false},"excerpt":{"rendered":"<p>Pour mener \u00e0 bien ses missions de promotion et de prospection, Calais Promotion, agence de d\u00e9veloppement de Calais et sa r\u00e9gion est amen\u00e9e \u00e0 collecter&#8230;<\/p>\n","protected":false},"author":1,"featured_media":0,"parent":0,"menu_order":0,"comment_status":"closed","ping_status":"open","template":"","meta":{"footnotes":""},"class_list":["post-3","page","type-page","status-publish","hentry"],"acf":[],"yoast_head":"<!-- This site is optimized with the Yoast SEO plugin v27.4 - https:\/\/yoast.com\/product\/yoast-seo-wordpress\/ -->\n<title>Politique de confidentialit\u00e9 - Calais promotion<\/title>\n<meta name=\"robots\" content=\"index, follow, max-snippet:-1, max-image-preview:large, max-video-preview:-1\" \/>\n<link rel=\"canonical\" href=\"https:\/\/calaispromotion.com\/fr\/politique-de-confidentialite\/\" \/>\n<meta property=\"og:locale\" content=\"fr_FR\" \/>\n<meta property=\"og:type\" content=\"article\" \/>\n<meta property=\"og:title\" content=\"Politique de confidentialit\u00e9 - Calais promotion\" \/>\n<meta property=\"og:description\" content=\"Pour mener \u00e0 bien ses missions de promotion et de prospection, Calais Promotion, agence de d\u00e9veloppement de Calais et sa r\u00e9gion est amen\u00e9e \u00e0 collecter...\" \/>\n<meta property=\"og:url\" content=\"https:\/\/calaispromotion.com\/fr\/politique-de-confidentialite\/\" \/>\n<meta property=\"og:site_name\" content=\"Calais promotion\" \/>\n<meta property=\"article:modified_time\" content=\"2020-12-13T15:11:55+00:00\" \/>\n<meta name=\"twitter:card\" content=\"summary_large_image\" \/>\n<meta name=\"twitter:label1\" content=\"Dur\u00e9e de lecture estim\u00e9e\" \/>\n\t<meta name=\"twitter:data1\" content=\"6 minutes\" \/>\n<script type=\"application\/ld+json\" class=\"yoast-schema-graph\">{\"@context\":\"https:\\\/\\\/schema.org\",\"@graph\":[{\"@type\":\"WebPage\",\"@id\":\"https:\\\/\\\/calaispromotion.com\\\/fr\\\/politique-de-confidentialite\\\/\",\"url\":\"https:\\\/\\\/calaispromotion.com\\\/fr\\\/politique-de-confidentialite\\\/\",\"name\":\"Politique de confidentialit\u00e9 - Calais promotion\",\"isPartOf\":{\"@id\":\"https:\\\/\\\/calaispromotion.com\\\/fr\\\/#website\"},\"datePublished\":\"2020-06-23T14:09:11+00:00\",\"dateModified\":\"2020-12-13T15:11:55+00:00\",\"breadcrumb\":{\"@id\":\"https:\\\/\\\/calaispromotion.com\\\/fr\\\/politique-de-confidentialite\\\/#breadcrumb\"},\"inLanguage\":\"fr-FR\",\"potentialAction\":[{\"@type\":\"ReadAction\",\"target\":[\"https:\\\/\\\/calaispromotion.com\\\/fr\\\/politique-de-confidentialite\\\/\"]}]},{\"@type\":\"BreadcrumbList\",\"@id\":\"https:\\\/\\\/calaispromotion.com\\\/fr\\\/politique-de-confidentialite\\\/#breadcrumb\",\"itemListElement\":[{\"@type\":\"ListItem\",\"position\":1,\"name\":\"Accueil\",\"item\":\"https:\\\/\\\/calaispromotion.com\\\/fr\\\/\"},{\"@type\":\"ListItem\",\"position\":2,\"name\":\"Politique de confidentialit\u00e9\"}]},{\"@type\":\"WebSite\",\"@id\":\"https:\\\/\\\/calaispromotion.com\\\/fr\\\/#website\",\"url\":\"https:\\\/\\\/calaispromotion.com\\\/fr\\\/\",\"name\":\"Calais promotion\",\"description\":\"\",\"potentialAction\":[{\"@type\":\"SearchAction\",\"target\":{\"@type\":\"EntryPoint\",\"urlTemplate\":\"https:\\\/\\\/calaispromotion.com\\\/fr\\\/?s={search_term_string}\"},\"query-input\":{\"@type\":\"PropertyValueSpecification\",\"valueRequired\":true,\"valueName\":\"search_term_string\"}}],\"inLanguage\":\"fr-FR\"}]}<\/script>\n<!-- \/ Yoast SEO plugin. -->","yoast_head_json":{"title":"Politique de confidentialit\u00e9 - Calais promotion","robots":{"index":"index","follow":"follow","max-snippet":"max-snippet:-1","max-image-preview":"max-image-preview:large","max-video-preview":"max-video-preview:-1"},"canonical":"https:\/\/calaispromotion.com\/fr\/politique-de-confidentialite\/","og_locale":"fr_FR","og_type":"article","og_title":"Politique de confidentialit\u00e9 - Calais promotion","og_description":"Pour mener \u00e0 bien ses missions de promotion et de prospection, Calais Promotion, agence de d\u00e9veloppement de Calais et sa r\u00e9gion est amen\u00e9e \u00e0 collecter...","og_url":"https:\/\/calaispromotion.com\/fr\/politique-de-confidentialite\/","og_site_name":"Calais promotion","article_modified_time":"2020-12-13T15:11:55+00:00","twitter_card":"summary_large_image","twitter_misc":{"Dur\u00e9e de lecture estim\u00e9e":"6 minutes"},"schema":{"@context":"https:\/\/schema.org","@graph":[{"@type":"WebPage","@id":"https:\/\/calaispromotion.com\/fr\/politique-de-confidentialite\/","url":"https:\/\/calaispromotion.com\/fr\/politique-de-confidentialite\/","name":"Politique de confidentialit\u00e9 - Calais promotion","isPartOf":{"@id":"https:\/\/calaispromotion.com\/fr\/#website"},"datePublished":"2020-06-23T14:09:11+00:00","dateModified":"2020-12-13T15:11:55+00:00","breadcrumb":{"@id":"https:\/\/calaispromotion.com\/fr\/politique-de-confidentialite\/#breadcrumb"},"inLanguage":"fr-FR","potentialAction":[{"@type":"ReadAction","target":["https:\/\/calaispromotion.com\/fr\/politique-de-confidentialite\/"]}]},{"@type":"BreadcrumbList","@id":"https:\/\/calaispromotion.com\/fr\/politique-de-confidentialite\/#breadcrumb","itemListElement":[{"@type":"ListItem","position":1,"name":"Accueil","item":"https:\/\/calaispromotion.com\/fr\/"},{"@type":"ListItem","position":2,"name":"Politique de confidentialit\u00e9"}]},{"@type":"WebSite","@id":"https:\/\/calaispromotion.com\/fr\/#website","url":"https:\/\/calaispromotion.com\/fr\/","name":"Calais promotion","description":"","potentialAction":[{"@type":"SearchAction","target":{"@type":"EntryPoint","urlTemplate":"https:\/\/calaispromotion.com\/fr\/?s={search_term_string}"},"query-input":{"@type":"PropertyValueSpecification","valueRequired":true,"valueName":"search_term_string"}}],"inLanguage":"fr-FR"}]}},"_links":{"self":[{"href":"https:\/\/calaispromotion.com\/fr\/wp-json\/wp\/v2\/pages\/3","targetHints":{"allow":["GET"]}}],"collection":[{"href":"https:\/\/calaispromotion.com\/fr\/wp-json\/wp\/v2\/pages"}],"about":[{"href":"https:\/\/calaispromotion.com\/fr\/wp-json\/wp\/v2\/types\/page"}],"author":[{"embeddable":true,"href":"https:\/\/calaispromotion.com\/fr\/wp-json\/wp\/v2\/users\/1"}],"replies":[{"embeddable":true,"href":"https:\/\/calaispromotion.com\/fr\/wp-json\/wp\/v2\/comments?post=3"}],"version-history":[{"count":6,"href":"https:\/\/calaispromotion.com\/fr\/wp-json\/wp\/v2\/pages\/3\/revisions"}],"predecessor-version":[{"id":1682,"href":"https:\/\/calaispromotion.com\/fr\/wp-json\/wp\/v2\/pages\/3\/revisions\/1682"}],"wp:attachment":[{"href":"https:\/\/calaispromotion.com\/fr\/wp-json\/wp\/v2\/media?parent=3"}],"curies":[{"name":"wp","href":"https:\/\/api.w.org\/{rel}","templated":true}]}}